{"id":566,"date":"2025-10-06T10:23:17","date_gmt":"2025-10-06T08:23:17","guid":{"rendered":"https:\/\/wip.waw.pl\/?page_id=566"},"modified":"2025-10-09T17:27:56","modified_gmt":"2025-10-09T15:27:56","slug":"terapie-biologiczne","status":"publish","type":"page","link":"https:\/\/wip.waw.pl\/index.php\/terapie-biologiczne\/","title":{"rendered":"Terapie Biologiczne"},"content":{"rendered":"\n<div class=\"wp-block-group alignfull has-contrast-2-color has-text-color has-background has-link-color wp-elements-8aeadeaa85b29a58ea840c173bcc8ce2 has-global-padding is-layout-constrained wp-container-core-group-is-layout-669513ed wp-block-group-is-layout-constrained\" style=\"background-color:#f2ecdd;margin-top:0;margin-bottom:0;padding-top:var(--wp--preset--spacing--50);padding-right:var(--wp--preset--spacing--50);padding-bottom:var(--wp--preset--spacing--50);padding-left:var(--wp--preset--spacing--50)\">\n<div class=\"wp-block-group is-vertical is-content-justification-center is-layout-flex wp-container-core-group-is-layout-52b864f0 wp-block-group-is-layout-flex\">\n<h2 class=\"wp-block-heading has-text-align-center has-contrast-2-color has-text-color has-link-color wp-elements-204c949be8fa025bc786194bebec493d\">Nowoczesne leczenie biologiczne <br>choroby Crohna i wrzodziej\u0105cego zapalenia jelita grubego (WZJG)<\/h2>\n<\/div>\n\n\n\n<div style=\"margin-top:0;margin-bottom:0;height:30px\" aria-hidden=\"true\" class=\"wp-block-spacer\"><\/div>\n\n\n\n<p><strong>W naszym o\u015brodku pomagamy pacjentom odzyska\u0107 kontrol\u0119 nad chorob\u0105 i cieszy\u0107 si\u0119 lepsz\u0105 jako\u015bci\u0105 \u017cycia.<\/strong> Dzi\u0119ki terapii biologicznej mo\u017cliwe jest uzyskanie remisji, ograniczenie objaw\u00f3w oraz zmniejszenie ryzyka hospitalizacji czy operacji.<\/p>\n\n\n\n<p><strong>Dlaczego warto wybra\u0107 terapi\u0119 biologiczn\u0105?<\/strong><\/p>\n\n\n\n<ul class=\"wp-block-list\">\n<li>&nbsp;Szansa na d\u0142ugotrwa\u0142\u0105 remisj\u0119<\/li>\n\n\n\n<li>&nbsp;Zmniejszenie objaw\u00f3w: b\u00f3lu brzucha, biegunek, zm\u0119czenia<\/li>\n\n\n\n<li>&nbsp;Mniej steryd\u00f3w, mniej dzia\u0142a\u0144 niepo\u017c\u0105danych<\/li>\n\n\n\n<li>&nbsp;Redukcja ryzyka hospitalizacji i operacji<\/li>\n\n\n\n<li>&nbsp;Lepsza jako\u015b\u0107 \u017cycia i wi\u0119kszy komfort na co dzie\u0144<\/li>\n<\/ul>\n\n\n\n<div style=\"height:24px\" aria-hidden=\"true\" class=\"wp-block-spacer\"><\/div>\n\n\n\n<h3 class=\"wp-block-heading alignwide has-text-align-left\">Jakie leki oferujemy?<\/h3>\n\n\n\n<div style=\"margin-top:0;margin-bottom:0;height:30px\" aria-hidden=\"true\" class=\"wp-block-spacer\"><\/div>\n\n\n\n<div class=\"wp-block-columns alignwide is-layout-flex wp-container-core-columns-is-layout-d0bbbce0 wp-block-columns-is-layout-flex\">\n<div class=\"wp-block-column is-layout-flow wp-container-core-column-is-layout-e3d1c41b wp-block-column-is-layout-flow\">\n<h3 class=\"wp-block-heading has-text-align-left is-style-asterisk has-body-font-family has-medium-font-size\" style=\"font-style:normal;font-weight:600\">&nbsp;Infliksymab<\/h3>\n\n\n\n<ul class=\"wp-block-list\">\n<li>Dost\u0119pny w dw\u00f3ch formach podania:\n<ul class=\"wp-block-list\">\n<li><strong>Do\u017cylny wlew w o\u015brodku medycznym<\/strong>&nbsp;\u2013 intensywne leczenie pocz\u0105tkowe, szybka poprawa objaw\u00f3w.<\/li>\n\n\n\n<li><strong>Zastrzyki podsk\u00f3rne (Infliksymab SC)<\/strong>&nbsp;\u2013 wygodna kontynuacja leczenia w domu, zwykle co 2 tygodnie.<\/li>\n<\/ul>\n<\/li>\n<\/ul>\n\n\n\n<ul class=\"wp-block-list\">\n<li>Skuteczny w chorobie Crohna i WZJG, szczeg\u00f3lnie w ci\u0119\u017ckich postaciach oraz w przypadku przetok.<\/li>\n<\/ul>\n<\/div>\n\n\n\n<div class=\"wp-block-column is-layout-flow wp-container-core-column-is-layout-e3d1c41b wp-block-column-is-layout-flow\">\n<h3 class=\"wp-block-heading has-text-align-left is-style-asterisk has-body-font-family has-medium-font-size\" style=\"font-style:normal;font-weight:600\"><strong>Adalimumab<\/strong><\/h3>\n\n\n\n<ul class=\"wp-block-list\">\n<li>Lek w formie&nbsp;<strong>zastrzyk\u00f3w podsk\u00f3rnych<\/strong>, kt\u00f3re pacjent mo\u017ce wykonywa\u0107 samodzielnie.<\/li>\n\n\n\n<li>Dzia\u0142a przeciwzapalnie, zmniejsza objawy i poprawia samopoczucie.<\/li>\n\n\n\n<li>Wygodne leczenie domowe, zwykle&nbsp;<strong>co 2 tygodnie<\/strong>.<\/li>\n<\/ul>\n<\/div>\n\n\n\n<div class=\"wp-block-column is-layout-flow wp-container-core-column-is-layout-e3d1c41b wp-block-column-is-layout-flow\">\n<h3 class=\"wp-block-heading has-text-align-left is-style-asterisk has-body-font-family has-medium-font-size\" style=\"font-style:normal;font-weight:600\"><strong>&nbsp;Stelara (Ustekinumab)<\/strong><\/h3>\n\n\n\n<ul class=\"wp-block-list\">\n<li>Nowoczesny lek biologiczny dzia\u0142aj\u0105cy na uk\u0142ad odporno\u015bciowy poprzez blokowanie okre\u015blonych bia\u0142ek (IL-12 i IL-23).<\/li>\n\n\n\n<li>Skuteczny u pacjent\u00f3w, kt\u00f3rzy nie odpowiedzieli na wcze\u015bniejsze terapie.<\/li>\n\n\n\n<li>D\u0142ugi czas dzia\u0142ania \u2013 dawka do\u017cylna na pocz\u0105tku, a nast\u0119pnie zastrzyk podsk\u00f3rny co 8\u201312 tygodni.<\/li>\n<\/ul>\n<\/div>\n\n\n\n<div class=\"wp-block-column is-layout-flow wp-container-core-column-is-layout-e3d1c41b wp-block-column-is-layout-flow\">\n<h3 class=\"wp-block-heading has-text-align-left is-style-asterisk has-body-font-family has-medium-font-size\" style=\"font-style:normal;font-weight:600\"><strong><strong>Vedolizumab (Entyvio)<\/strong><\/strong><\/h3>\n\n\n\n<ul class=\"wp-block-list\">\n<li>Lek dzia\u0142aj\u0105cy miejscowo w jelitach \u2013 nie wp\u0142ywa istotnie na ca\u0142y organizm.<\/li>\n\n\n\n<li>Szczeg\u00f3lnie bezpieczny dla os\u00f3b starszych i pacjent\u00f3w z chorobami towarzysz\u0105cymi.<\/li>\n\n\n\n<li>Podawany w formie&nbsp;<strong>do\u017cylnych wlew\u00f3w<\/strong>&nbsp;w 0., 2. i 6. tygodniu, nast\u0119pnie co 8 tygodni.<\/li>\n<\/ul>\n<\/div>\n<\/div>\n\n\n\n<div style=\"height:23px\" aria-hidden=\"true\" class=\"wp-block-spacer\"><\/div>\n\n\n\n<div class=\"wp-block-buttons is-content-justification-center is-layout-flex wp-container-core-buttons-is-layout-a89b3969 wp-block-buttons-is-layout-flex\">\n<div class=\"wp-block-button has-custom-width wp-block-button__width-50\"><a class=\"wp-block-button__link has-medium-font-size has-custom-font-size wp-element-button\" href=\"https:\/\/wip.waw.pl\/index.php\/kontakt\/\">Skontaktuj si\u0119 z nami i dowiedz si\u0119 wi\u0119cej<\/a><\/div>\n<\/div>\n<\/div>\n","protected":false},"excerpt":{"rendered":"<p>Nowoczesne leczenie biologiczne choroby Crohna i wrzodziej\u0105cego zapalenia jelita grubego (WZJG) W naszym o\u015brodku pomagamy pacjentom odzyska\u0107 kontrol\u0119 nad chorob\u0105 i cieszy\u0107 si\u0119 lepsz\u0105 jako\u015bci\u0105 \u017cycia. Dzi\u0119ki terapii biologicznej mo\u017cliwe jest uzyskanie remisji, ograniczenie objaw\u00f3w oraz zmniejszenie ryzyka hospitalizacji czy operacji. Dlaczego warto wybra\u0107 terapi\u0119 biologiczn\u0105? Jakie leki oferujemy? &nbsp;Infliksymab Adalimumab &nbsp;Stelara (Ustekinumab) Vedolizumab (Entyvio)<\/p>\n","protected":false},"author":1,"featured_media":0,"parent":0,"menu_order":0,"comment_status":"closed","ping_status":"closed","template":"","meta":{"footnotes":""},"class_list":["post-566","page","type-page","status-publish","hentry"],"_links":{"self":[{"href":"https:\/\/wip.waw.pl\/index.php\/wp-json\/wp\/v2\/pages\/566","targetHints":{"allow":["GET"]}}],"collection":[{"href":"https:\/\/wip.waw.pl\/index.php\/wp-json\/wp\/v2\/pages"}],"about":[{"href":"https:\/\/wip.waw.pl\/index.php\/wp-json\/wp\/v2\/types\/page"}],"author":[{"embeddable":true,"href":"https:\/\/wip.waw.pl\/index.php\/wp-json\/wp\/v2\/users\/1"}],"replies":[{"embeddable":true,"href":"https:\/\/wip.waw.pl\/index.php\/wp-json\/wp\/v2\/comments?post=566"}],"version-history":[{"count":8,"href":"https:\/\/wip.waw.pl\/index.php\/wp-json\/wp\/v2\/pages\/566\/revisions"}],"predecessor-version":[{"id":597,"href":"https:\/\/wip.waw.pl\/index.php\/wp-json\/wp\/v2\/pages\/566\/revisions\/597"}],"wp:attachment":[{"href":"https:\/\/wip.waw.pl\/index.php\/wp-json\/wp\/v2\/media?parent=566"}],"curies":[{"name":"wp","href":"https:\/\/api.w.org\/{rel}","templated":true}]}}