{"id":24,"date":"2025-07-23T12:30:09","date_gmt":"2025-07-23T10:30:09","guid":{"rendered":"https:\/\/wip.waw.pl\/?page_id=24"},"modified":"2026-03-11T21:06:40","modified_gmt":"2026-03-11T20:06:40","slug":"badania-kliniczne-wip","status":"publish","type":"page","link":"https:\/\/wip.waw.pl\/index.php\/badania-kliniczne-wip\/","title":{"rendered":"Badania Kliniczne"},"content":{"rendered":"\n<div class=\"wp-block-group alignfull has-accent-background-color has-background has-global-padding is-layout-constrained wp-container-core-group-is-layout-9fc336e2 wp-block-group-is-layout-constrained\" style=\"margin-top:var(--wp--preset--spacing--30);margin-bottom:var(--wp--preset--spacing--30);padding-top:var(--wp--preset--spacing--10);padding-right:var(--wp--preset--spacing--10);padding-bottom:var(--wp--preset--spacing--10);padding-left:var(--wp--preset--spacing--10)\">\n<div class=\"wp-block-group alignwide has-global-padding is-layout-constrained wp-container-core-group-is-layout-aff97930 wp-block-group-is-layout-constrained\" style=\"padding-top:var(--wp--preset--spacing--10);padding-right:var(--wp--preset--spacing--10);padding-bottom:var(--wp--preset--spacing--10);padding-left:var(--wp--preset--spacing--10)\">\n<div class=\"wp-block-group has-global-padding is-layout-constrained wp-container-core-group-is-layout-650790e1 wp-block-group-is-layout-constrained\">\n<h1 class=\"wp-block-heading alignwide has-text-align-center has-x-large-font-size\">Badania Kliniczne<\/h1>\n\n\n\n<div style=\"height:30px\" aria-hidden=\"true\" class=\"wp-block-spacer\"><\/div>\n\n\n\n<h4 class=\"wp-block-heading alignfull has-text-align-center\">Zesp\u00f3\u0142 Warsaw IBD Point posiada wieloletnie do\u015bwiadczenie w prowadzeniu bada\u0144 klinicznych z zakresu leczenia nieswoistych chor\u00f3b zapalnych jelit oraz w wielu innych dziedzinach medycyny w tym: kardiologii, pulmonologii, neurologii, reumatologii, dermatologii, pediatrii.<\/h4>\n<\/div>\n\n\n\n<div style=\"height:var(--wp--preset--spacing--30)\" aria-hidden=\"true\" class=\"wp-block-spacer\"><\/div>\n\n\n\n<figure class=\"wp-block-image alignwide size-full is-style-rounded wp-duotone-unset-2 is-style-rounded--1\"><img loading=\"lazy\" decoding=\"async\" width=\"1100\" height=\"734\" src=\"https:\/\/wip.waw.pl\/wp-content\/uploads\/2025\/08\/pexels-pavel-danilyuk-8442373.jpg\" alt=\"\" class=\"wp-image-227\" srcset=\"https:\/\/wip.waw.pl\/wp-content\/uploads\/2025\/08\/pexels-pavel-danilyuk-8442373.jpg 1100w, https:\/\/wip.waw.pl\/wp-content\/uploads\/2025\/08\/pexels-pavel-danilyuk-8442373-300x200.jpg 300w, https:\/\/wip.waw.pl\/wp-content\/uploads\/2025\/08\/pexels-pavel-danilyuk-8442373-1024x683.jpg 1024w, https:\/\/wip.waw.pl\/wp-content\/uploads\/2025\/08\/pexels-pavel-danilyuk-8442373-768x512.jpg 768w\" sizes=\"auto, (max-width: 1100px) 100vw, 1100px\" \/><\/figure>\n<\/div>\n<\/div>\n\n\n\n<div class=\"wp-block-group alignfull has-base-background-color has-background has-global-padding is-layout-constrained wp-container-core-group-is-layout-c7a42c40 wp-block-group-is-layout-constrained\" style=\"margin-top:0;margin-bottom:0;padding-top:var(--wp--preset--spacing--20);padding-right:var(--wp--preset--spacing--50);padding-bottom:var(--wp--preset--spacing--20);padding-left:var(--wp--preset--spacing--50)\">\n<div class=\"wp-block-columns alignwide is-layout-flex wp-container-core-columns-is-layout-549b0c86 wp-block-columns-is-layout-flex\">\n<div class=\"wp-block-column is-layout-flow wp-block-column-is-layout-flow\" style=\"flex-basis:100%\">\n<h3 class=\"wp-block-heading has-large-font-size\">Badania kliniczne to specjalnie zaplanowane i \u015bci\u015ble kontrolowane procedury, dzi\u0119ki kt\u00f3rym mo\u017cemy sprawdzi\u0107 skuteczno\u015b\u0107 i bezpiecze\u0144stwo nowych lek\u00f3w, terapii lub metod diagnostycznych.<br><\/h3>\n\n\n\n<p class=\"has-heading-font-family has-large-font-size\" style=\"line-height:1.2\">Mo\u017cliwo\u015b\u0107 dost\u0119pu do terapii, kt\u00f3re nie s\u0105 jeszcze og\u00f3lnie dost\u0119pne.<\/p>\n\n\n\n<ul class=\"wp-block-list\">\n<li class=\"has-medium-font-size\">Rozw\u00f3j nowych metod leczenia chor\u00f3b przewlek\u0142ych i rzadkich.<\/li>\n\n\n\n<li class=\"has-medium-font-size\">W niekt\u00f3rych przypadkach badania kliniczne to ostatnia szansa na skuteczne leczenie<\/li>\n\n\n\n<li class=\"has-medium-font-size\">Mo\u017cliwo\u015b\u0107 poprawy jako\u015bci \u017cycia nawet wtedy, gdy inne metody zawiod\u0142y.<\/li>\n<\/ul>\n<\/div>\n<\/div>\n<\/div>\n\n\n\n<div style=\"height:50px\" aria-hidden=\"true\" class=\"wp-block-spacer\"><\/div>\n\n\n\n<hr class=\"wp-block-separator alignwide has-alpha-channel-opacity\"\/>\n\n\n\n<div class=\"wp-block-group alignfull has-base-background-color has-background has-global-padding is-layout-constrained wp-container-core-group-is-layout-d89aad35 wp-block-group-is-layout-constrained\" style=\"margin-top:0;margin-bottom:0;padding-top:var(--wp--preset--spacing--50);padding-right:var(--wp--preset--spacing--50);padding-bottom:var(--wp--preset--spacing--50);padding-left:var(--wp--preset--spacing--50)\">\n<div class=\"wp-block-columns alignwide is-layout-flex wp-container-core-columns-is-layout-47c06fe3 wp-block-columns-is-layout-flex\">\n<div class=\"wp-block-column is-layout-flow wp-block-column-is-layout-flow\">\n<h3 class=\"wp-block-heading\">Badania kliniczne dla doros\u0142ych<\/h3>\n\n\n\n<p>Badania mog\u0105 dotyczy\u0107 zar\u00f3wno os\u00f3b chorych, jak i zdrowych ochotnik\u00f3w.<\/p>\n\n\n\n<p>Sta\u0142a opieka medyczna, szczeg\u00f3\u0142owe badania diagnostyczne.<br><\/p>\n\n\n\n<p>Wskazania:<\/p>\n\n\n\n<ul class=\"wp-block-list\">\n<li>Wrzodziej\u0105ce zapalenie jelita grubego<\/li>\n\n\n\n<li>Choroba Crohna<\/li>\n\n\n\n<li>Niewydolno\u015b\u0107 serca<\/li>\n\n\n\n<li>Cukrzyca<\/li>\n\n\n\n<li>Mia\u017cd\u017cyca<\/li>\n\n\n\n<li>Nadcisnienie t\u0119tnicze<\/li>\n\n\n\n<li>Szczepienia HPV<\/li>\n\n\n\n<li>St\u0142uszczenie w\u0105troby<\/li>\n\n\n\n<li>Eozynofilowe zapalenie prze\u0142yku<\/li>\n\n\n\n<li>Celiakia<\/li>\n<\/ul>\n<\/div>\n\n\n\n<div class=\"wp-block-column is-layout-flow wp-block-column-is-layout-flow\">\n<h3 class=\"wp-block-heading\">Badania kliniczne dla dzieci<\/h3>\n\n\n\n<p>Badania pediatryczne s\u0105 prowadzone tylko w sytuacjach, gdy s\u0105 bezpieczne i absolutnie konieczne.<br>Niezb\u0119dna jest szczeg\u00f3\u0142owa informacja i pe\u0142na zgoda obojga rodzic\u00f3w przed rozpocz\u0119ciem.<br><\/p>\n\n\n\n<p>Wskazania:<\/p>\n\n\n\n<ul class=\"wp-block-list\">\n<li>Wrzodziej\u0105ce zapalenie jelita grubego<\/li>\n\n\n\n<li>Choroba Crohna<\/li>\n\n\n\n<li>Migrena<\/li>\n\n\n\n<li>Dziedziczny obrzek naczynioruchowy<\/li>\n<\/ul>\n<\/div>\n<\/div>\n<\/div>\n\n\n\n<hr class=\"wp-block-separator alignwide has-alpha-channel-opacity\"\/>\n\n\n\n<div style=\"height:43px\" aria-hidden=\"true\" class=\"wp-block-spacer\"><\/div>\n\n\n\n<div class=\"wp-block-group alignfull has-base-background-color has-background has-global-padding is-layout-constrained wp-container-core-group-is-layout-c7a42c40 wp-block-group-is-layout-constrained\" style=\"margin-top:0;margin-bottom:0;padding-top:var(--wp--preset--spacing--20);padding-right:var(--wp--preset--spacing--50);padding-bottom:var(--wp--preset--spacing--20);padding-left:var(--wp--preset--spacing--50)\">\n<div class=\"wp-block-columns alignwide is-layout-flex wp-container-core-columns-is-layout-549b0c86 wp-block-columns-is-layout-flex\">\n<div class=\"wp-block-column is-layout-flow wp-block-column-is-layout-flow\">\n<h2 class=\"wp-block-heading\">Wsp\u00f3\u0142praca mi\u0119dzy naukowcami, lekarzami, pacjentami i sponsorami bada\u0144 jest kluczowa dla sukcesu bada\u0144 klinicznych.<\/h2>\n\n\n\n<h4 class=\"wp-block-heading\">Pacjenci odgrywaj\u0105 istotn\u0105 rol\u0119 jako uczestnicy bada\u0144, a ich bezpiecze\u0144stwo i dobrowolny udzia\u0142 s\u0105 priorytetem. <br>Specjalizujemy si\u0119 w przeprowadzaniu bada\u0144 klinicznych faz IB, II, III, IV w kilkunastu obszarach terapeutycznych.<\/h4>\n\n\n\n<div style=\"height:40px\" aria-hidden=\"true\" class=\"wp-block-spacer\"><\/div>\n\n\n\n<h4 class=\"wp-block-heading\">DLA PACJENTA<\/h4>\n\n\n\n<p>W badaniach klinicznych mog\u0105 uczestniczy\u0107 wy\u0142\u0105cznie osoby spe\u0142niaj\u0105ce kryteria w\u0142\u0105czenia okre\u015blone w protokole badania. Bardzo wa\u017cne s\u0105 informacje o stanie zdrowia, przebytych chorobach i leczeniu.<\/p>\n\n\n\n<p><\/p>\n\n\n\n<p>Przed w\u0142\u0105czeniem do badania lekarz przeprowadza z pacjentem rozmow\u0119 informuj\u0105c\u0105 o programie, mo\u017cliwych korzy\u015bciach i ryzyku oraz zbiera informacje obejmuj\u0105ce aktualny stan zdrowia potencjalnego uczestnika.&nbsp; Po podj\u0119ciu decyzji o udziale w badaniu pacjent podpisuje formularz \u015bwiadomej zgody,&nbsp;kt\u00f3r\u0105 mo\u017ce wycofa\u0107 na ka\u017cdym etapie badania bez konieczno\u015bci podawania przyczyny.<br><\/p>\n\n\n\n<p><strong>Leczenie w ramach badania klinicznego jest nieodp\u0142atne. W ramach kwalifikacji do leczenia przeprowadzamy pe\u0142n\u0105 diagnostyk\u0119 \u2013 badania krwi, ka\u0142u, RTG klatki piersiowej, kolonoskopia.<\/strong><\/p>\n\n\n\n<div style=\"height:40px\" aria-hidden=\"true\" class=\"wp-block-spacer\"><\/div>\n\n\n\n<h4 class=\"wp-block-heading\"><br>DLA LEKARZA<\/h4>\n\n\n\n<p>Pracuj\u0105c z nami, zdob\u0119dziesz cenne do\u015bwiadczenie na wielu p\u0142aszczyznach. Lekarz ma mo\u017cliwo\u015b\u0107 dost\u0119pu do najnowszych osi\u0105gni\u0119\u0107 medycyny oraz sta\u0142ego poszerzania wiedzy.<\/p>\n\n\n\n<p>Dodatkowym atutem jest wsp\u00f3\u0142praca z firmami farmaceutycznymi oraz kontakt z wybitnymi lekarzami z danej dziedziny medycyny.<\/p>\n\n\n\n<p>Ka\u017cdy lekarz, wsp\u00f3\u0142badacz, koordynator, piel\u0119gniarka przed rozpocz\u0119ciem pracy, zostaje dok\u0142adnie przeszkolony z procedur obowi\u0105zuj\u0105cych dla danego badania klinicznego.<\/p>\n\n\n\n<p>Zapraszamy lekarzy ro\u017cnych specjalizacji do pracy w projektach badawczych prowadzonych w naszym o\u015brodku. Osoby zainteresowane zapraszamy do kontaktu drog\u0105 mailow\u0105 na adres: <a href=\"mailto:wip@wip.waw.pl\">wip@wip.waw.pl<\/a>.<\/p>\n\n\n\n<div style=\"height:40px\" aria-hidden=\"true\" class=\"wp-block-spacer\"><\/div>\n\n\n\n<h4 class=\"wp-block-heading\">DLA SPONSORA | FOR SPONSOR<\/h4>\n\n\n\n<p>The Clinical Research Center \u2013 Medical Network Sp. z o.o WIP Warsaw IBD Point Profesor Kierku\u015b conducts clinical studies of phases I b-IV.<br>We have been gathering experience since the year 2000, by supervising clinical studies in Medical network as CRO and since the year 2015 as a Clinical Research Center. We have handled over a 100 studies in the field of gastroenterology, rheumatology, dermatology, infectious dieseases, pediatrics and vaccines.<br>In February of 2024 WIP has moved to a new location \u2013 P\u0142owiecka 103 in Warsaw. The modern facility meets the requirements expected in the field of clinical trials. We are cooperating with specialists in fields such as:<\/p>\n\n\n\n<ul class=\"wp-block-list\">\n<li>Gastroenterology<\/li>\n\n\n\n<li>Oncology<\/li>\n\n\n\n<li>Rheumatology<\/li>\n\n\n\n<li>Dermatology<\/li>\n\n\n\n<li>Pulmonology<\/li>\n\n\n\n<li>Full range of pediatrics<\/li>\n\n\n\n<li>Neurology<\/li>\n\n\n\n<li>Gynecology<\/li>\n\n\n\n<li>Endocrinology i Diabetology<\/li>\n\n\n\n<li>Ophthalmology<\/li>\n\n\n\n<li>Infectious dieseases<\/li>\n\n\n\n<li>Laryngology<\/li>\n\n\n\n<li>Nephrology<\/li>\n\n\n\n<li>Vaccines<\/li>\n\n\n\n<li>Cardiology<\/li>\n\n\n\n<li>Urology<\/li>\n\n\n\n<li>Ortopedics<\/li>\n\n\n\n<li>Immunology<\/li>\n\n\n\n<li>Psychiatry<\/li>\n<\/ul>\n\n\n\n<p>Our team in charge of conducting clinical trials is made up of experienced physicians, nurses, pharmacists and coordinators. We also provide both blinded and unblinded teams.<br>The facility has signed contracts with external contractors for specialized procedures in the field of endoscopic examinations, ophthalmological examinations, nuclear medicine , as well as laboratory tests, histopathological tests, liver fibroscan, densytometry and imaging tests. ( USG, CT, MR, PET).<\/p>\n\n\n\n<p>The building is equipped with state of the art technology and provides rooms suited for the needs of conducting a clinical trial.:<\/p>\n\n\n\n<ul class=\"wp-block-list\">\n<li>archive<\/li>\n\n\n\n<li>room for lab kits (temp. Controlled)<\/li>\n\n\n\n<li>rooms for medicine fridges<\/li>\n\n\n\n<li>pharmaceutics room<\/li>\n\n\n\n<li>4 treatment rooms<\/li>\n\n\n\n<li>11 consulting rooms<\/li>\n\n\n\n<li>3 rooms with beds where patients can stay 24 h<\/li>\n\n\n\n<li>Conference room<\/li>\n\n\n\n<li>Rooms for CRA\u2019s<\/li>\n\n\n\n<li>Parking<\/li>\n<\/ul>\n\n\n\n<p>The building is surveilled 24\/7 with cameras, the rooms are equipped with keycard access control, and the modern IT structure ensures the safety of managed data.<br><\/p>\n\n\n\n<p>We will happily present our facility during a direct meeting.<br>We are looking forward to working with you.<\/p>\n<\/div>\n<\/div>\n<\/div>\n\n\n\n<div style=\"height:40px\" aria-hidden=\"true\" class=\"wp-block-spacer\"><\/div>\n\n\n\n<div class=\"wp-block-group alignfull has-base-color has-contrast-2-background-color has-text-color has-background has-link-color wp-elements-b79a1c70e05eec69fd527551a16805cd has-global-padding is-layout-constrained wp-container-core-group-is-layout-d89aad35 wp-block-group-is-layout-constrained\" style=\"margin-top:0;margin-bottom:0;padding-top:var(--wp--preset--spacing--50);padding-right:var(--wp--preset--spacing--50);padding-bottom:var(--wp--preset--spacing--50);padding-left:var(--wp--preset--spacing--50)\">\n<h2 class=\"wp-block-heading alignwide is-style-asterisk has-base-color has-text-color has-link-color wp-elements-b1199beabe6dcf3487e738ad10df906b\" style=\"font-size:clamp(2.331rem, 2.331rem + ((1vw - 0.2rem) * 3.282), 4.3rem);letter-spacing:-0.02em\">FAQs &#8211; najcz\u0119stsze pytania<\/h2>\n\n\n\n<div class=\"wp-block-group alignwide is-layout-flow wp-block-group-is-layout-flow\">\n<hr class=\"wp-block-separator has-text-color has-base-color has-alpha-channel-opacity has-base-background-color has-background is-style-wide\" style=\"margin-top:var(--wp--preset--spacing--30);margin-bottom:var(--wp--preset--spacing--30)\"\/>\n\n\n\n<h3 class=\"wp-block-heading alignwide has-base-2-color has-text-color has-link-color wp-elements-58ad2d33c0a147964d15ef5645cf28f5\">Czy badania s\u0105 bezpieczne?<\/h3>\n\n\n\n<p>Tak. W Warsaw IBD Point prowadzimy badania kliniczne dotycz\u0105ce nowoczesnych terapii zgodnie z zasadami ICG-GCP, zapewniaj\u0105c<br>pacjentom kompleksow\u0105 opiek\u0119 medyczn\u0105. Wszystkie prowadzone badania uzyska\u0142y pozytywn\u0105 opini\u0119 Niezale\u017cnej Komisji Bioetycznej oraz zgod\u0119 Prezesa Urz\u0119du Rejestracji Produkt\u00f3w Leczniczych, Wyrob\u00f3w Medycznych i Produkt\u00f3w Biob\u00f3jczych.<\/p>\n\n\n\n<hr class=\"wp-block-separator has-text-color has-base-color has-alpha-channel-opacity has-base-background-color has-background is-style-wide\" style=\"margin-top:var(--wp--preset--spacing--30);margin-bottom:var(--wp--preset--spacing--30)\"\/>\n\n\n\n<h3 class=\"wp-block-heading alignwide has-base-2-color has-text-color has-link-color wp-elements-f1a95862c6175d850d0c37adfbc4ed01\">Czy mog\u0119 w ka\u017cdej chwili zrezygnowa\u0107?<\/h3>\n\n\n\n<p class=\"has-contrast-1-color has-text-color has-link-color wp-elements-bc66ec27ae0308d422c7ee47b2be5f5c\">Tak, z badania mo\u017cna zrezygnowa\u0107 na ka\u017cdym etapie badania.<\/p>\n\n\n\n<hr class=\"wp-block-separator has-text-color has-base-color has-alpha-channel-opacity has-base-background-color has-background is-style-wide\" style=\"margin-top:var(--wp--preset--spacing--30);margin-bottom:var(--wp--preset--spacing--30)\"\/>\n\n\n\n<h3 class=\"wp-block-heading alignwide has-base-2-color has-text-color has-link-color wp-elements-32feb9799b0a314657f001226dbd0f92\">Czy udzia\u0142 w badaniu jest p\u0142atny?<\/h3>\n\n\n\n<p class=\"has-contrast-1-color has-text-color has-link-color wp-elements-d0e52bae7f0dc816944b1d0818783bc9\">Nie, uczestnictwo w badaniu klinicznym jest bezp\u0142atne dla pacjenta, a sponsor jest zobowi\u0105zany do pokrycia wszystkich koszt\u00f3w zwi\u0105zanych z badaniem, w tym procedur diagnostycznych, leczenia i bada\u0144.&nbsp;<\/p>\n\n\n\n<p>Cz\u0119sto pacjenci otrzymuj\u0105 zwrot koszt\u00f3w dojazdu do o\u015brodka badawczego, a w niekt\u00f3rych przypadkach tak\u017ce zwrot koszt\u00f3w zakwaterowania i wy\u017cywienia, je\u015bli o\u015brodek jest oddalony od miejsca zamieszkania.&nbsp;<\/p>\n\n\n\n<p class=\"has-contrast-1-color has-text-color has-link-color wp-elements-8a6244d0256af1d148be9c6f8727b5fe\"><\/p>\n\n\n\n<hr class=\"wp-block-separator has-text-color has-base-color has-alpha-channel-opacity has-base-background-color has-background is-style-wide\" style=\"margin-top:var(--wp--preset--spacing--30);margin-bottom:var(--wp--preset--spacing--30)\"\/>\n\n\n\n<h3 class=\"wp-block-heading alignwide has-base-2-color has-text-color has-link-color wp-elements-ef6d413ee19b17d59f9077074b2a73ac\">Jakie prawa przys\u0142uguj\u0105 pacjentowi?<\/h3>\n\n\n\n<p class=\"has-contrast-1-color has-text-color has-link-color wp-elements-0a524728fee997f0fc694d6f3c748f31\">Dobrowolno\u015b\u0107, \u015bwiadoma zgoda, prywatno\u015bc poufno\u015b\u0107, opieka medyczna, prawo do informacji na ka\u017cdym etapie, prawo do odszkodowania, r\u00f3wny dostep do<br>leczenia.<\/p>\n\n\n\n<p class=\"has-contrast-1-color has-text-color has-link-color wp-elements-8a6244d0256af1d148be9c6f8727b5fe\"><\/p>\n\n\n\n<div style=\"margin-top:var(--wp--preset--spacing--10);margin-bottom:0;height:var(--wp--preset--spacing--10)\" aria-hidden=\"true\" class=\"wp-block-spacer\"><\/div>\n<\/div>\n<\/div>\n\n\n\n<div class=\"wp-block-group alignfull has-accent-3-background-color has-background is-vertical is-content-justification-center is-layout-flex wp-container-core-group-is-layout-a385fedb wp-block-group-is-layout-flex\" style=\"min-height:100vh;margin-top:0;margin-bottom:0;padding-top:0;padding-right:0;padding-bottom:0;padding-left:0\">\n<div class=\"wp-block-group has-global-padding is-layout-constrained wp-block-group-is-layout-constrained\">\n<figure class=\"wp-block-image aligncenter size-full is-resized wp-duotone-duotone-2\"><img decoding=\"async\" src=\"https:\/\/wip.waw.pl\/wp-content\/themes\/twentytwentyfour\/assets\/images\/icon-message.webp\" alt=\"\" style=\"object-fit:cover;width:45px;height:49px\"\/><\/figure>\n\n\n\n<div style=\"height:var(--wp--preset--spacing--10)\" aria-hidden=\"true\" class=\"wp-block-spacer\"><\/div>\n\n\n\n<h2 class=\"wp-block-heading has-text-align-center has-contrast-color has-text-color has-link-color has-x-large-font-size wp-elements-dec907795cf7fec294c71be20d87c39e\" style=\"margin-right:0;margin-left:0;padding-right:0;padding-left:0\">Masz inne pytania dotycz\u0105ce bada\u0144 klinicznych?<\/h2>\n\n\n\n<div style=\"height:var(--wp--preset--spacing--10)\" aria-hidden=\"true\" class=\"wp-block-spacer\"><\/div>\n\n\n\n<div class=\"wp-block-buttons is-content-justification-center is-layout-flex wp-container-core-buttons-is-layout-a89b3969 wp-block-buttons-is-layout-flex\">\n<div class=\"wp-block-button\"><a class=\"wp-block-button__link wp-element-button\" href=\"mailto:wip@wip.waw.pl\">NAPISZ DO NAS<\/a><\/div>\n<\/div>\n\n\n\n<p><\/p>\n<\/div>\n<\/div>\n","protected":false},"excerpt":{"rendered":"<p>Badania Kliniczne Zesp\u00f3\u0142 Warsaw IBD Point posiada wieloletnie do\u015bwiadczenie w prowadzeniu bada\u0144 klinicznych z zakresu leczenia nieswoistych chor\u00f3b zapalnych jelit oraz w wielu innych dziedzinach medycyny w tym: kardiologii, pulmonologii, neurologii, reumatologii, dermatologii, pediatrii. Badania kliniczne to specjalnie zaplanowane i \u015bci\u015ble kontrolowane procedury, dzi\u0119ki kt\u00f3rym mo\u017cemy sprawdzi\u0107 skuteczno\u015b\u0107 i bezpiecze\u0144stwo nowych lek\u00f3w, terapii lub metod [&hellip;]<\/p>\n","protected":false},"author":1,"featured_media":0,"parent":0,"menu_order":0,"comment_status":"closed","ping_status":"closed","template":"","meta":{"footnotes":""},"class_list":["post-24","page","type-page","status-publish","hentry"],"_links":{"self":[{"href":"https:\/\/wip.waw.pl\/index.php\/wp-json\/wp\/v2\/pages\/24","targetHints":{"allow":["GET"]}}],"collection":[{"href":"https:\/\/wip.waw.pl\/index.php\/wp-json\/wp\/v2\/pages"}],"about":[{"href":"https:\/\/wip.waw.pl\/index.php\/wp-json\/wp\/v2\/types\/page"}],"author":[{"embeddable":true,"href":"https:\/\/wip.waw.pl\/index.php\/wp-json\/wp\/v2\/users\/1"}],"replies":[{"embeddable":true,"href":"https:\/\/wip.waw.pl\/index.php\/wp-json\/wp\/v2\/comments?post=24"}],"version-history":[{"count":13,"href":"https:\/\/wip.waw.pl\/index.php\/wp-json\/wp\/v2\/pages\/24\/revisions"}],"predecessor-version":[{"id":561,"href":"https:\/\/wip.waw.pl\/index.php\/wp-json\/wp\/v2\/pages\/24\/revisions\/561"}],"wp:attachment":[{"href":"https:\/\/wip.waw.pl\/index.php\/wp-json\/wp\/v2\/media?parent=24"}],"curies":[{"name":"wp","href":"https:\/\/api.w.org\/{rel}","templated":true}]}}