{"id":20,"date":"2025-07-23T12:29:41","date_gmt":"2025-07-23T10:29:41","guid":{"rendered":"https:\/\/wip.waw.pl\/?page_id=20"},"modified":"2025-10-05T13:25:33","modified_gmt":"2025-10-05T11:25:33","slug":"diagnostyka","status":"publish","type":"page","link":"https:\/\/wip.waw.pl\/index.php\/diagnostyka\/","title":{"rendered":"Diagnostyka w WIP"},"content":{"rendered":"\n<div class=\"wp-block-group alignfull has-contrast-2-color has-text-color has-background has-link-color wp-elements-b2c18529fe5f2b5cfe6220c1640e6558 has-global-padding is-layout-constrained wp-container-core-group-is-layout-669513ed wp-block-group-is-layout-constrained\" style=\"background-color:#f2ecdd;margin-top:0;margin-bottom:0;padding-top:var(--wp--preset--spacing--50);padding-right:var(--wp--preset--spacing--50);padding-bottom:var(--wp--preset--spacing--50);padding-left:var(--wp--preset--spacing--50)\">\n<div class=\"wp-block-group is-vertical is-content-justification-center is-layout-flex wp-container-core-group-is-layout-52b864f0 wp-block-group-is-layout-flex\">\n<h2 class=\"wp-block-heading has-text-align-center has-contrast-2-color has-text-color has-link-color wp-elements-ec419fd5f2dd2cfab9e17f52af25f2ea\">W Warsaw IBD Point wykonujemy szeroki panel bada\u0144 laboratoryjnych i obrazowych<\/h2>\n<\/div>\n\n\n\n<div style=\"margin-top:0;margin-bottom:0;height:var(--wp--preset--spacing--40)\" aria-hidden=\"true\" class=\"wp-block-spacer\"><\/div>\n\n\n\n<div class=\"wp-block-columns alignwide is-layout-flex wp-container-core-columns-is-layout-d0bbbce0 wp-block-columns-is-layout-flex\">\n<div class=\"wp-block-column is-layout-flow wp-container-core-column-is-layout-e3d1c41b wp-block-column-is-layout-flow\">\n<h3 class=\"wp-block-heading has-text-align-left is-style-asterisk has-body-font-family has-medium-font-size\" style=\"font-style:normal;font-weight:600\"><strong><a href=\"#badania-laboratoryjne\" data-type=\"page\" data-id=\"551\">Badania laboratoryjne<\/a><\/strong><\/h3>\n\n\n\n<p class=\"has-text-align-left\">Oferujemy szeroki panel bada\u0144 laboratoryjnych z zakresu: hematologii, biochemii, immunologii, bakteriologii i histopatologii.<\/p>\n<\/div>\n\n\n\n<div class=\"wp-block-column is-layout-flow wp-container-core-column-is-layout-e3d1c41b wp-block-column-is-layout-flow\">\n<h3 class=\"wp-block-heading has-text-align-left is-style-asterisk has-body-font-family has-medium-font-size\" style=\"font-style:normal;font-weight:600\"><strong><a href=\"#wto\">Wodorowe Testy Oddechowe (WTO)<\/a><\/strong><\/h3>\n\n\n\n<ul class=\"wp-block-list\">\n<li>test obci\u0105\u017cenia glukoz\u0105<\/li>\n\n\n\n<li>test tolerancji laktozy<\/li>\n\n\n\n<li>test tolerancji fruktozy<\/li>\n\n\n\n<li>test tolerancji sorbitolu<\/li>\n\n\n\n<li>test tolerancji ksylitolu<\/li>\n\n\n\n<li>laktulozowy test oddechowy (SIBO)<\/li>\n<\/ul>\n<\/div>\n\n\n\n<div class=\"wp-block-column is-layout-flow wp-container-core-column-is-layout-e3d1c41b wp-block-column-is-layout-flow\">\n<h3 class=\"wp-block-heading has-text-align-left is-style-asterisk has-body-font-family has-medium-font-size\" style=\"font-style:normal;font-weight:600\"><strong><a href=\"#Badania-gastroenterologiczne\">Badania gastroenterologiczne<\/a><\/strong><\/h3>\n\n\n\n<p class=\"has-text-align-left\">Badania i zabiegi przeprowadzane s\u0105 w nowoczesnej pracowni endoskopowej <\/p>\n\n\n\n<p class=\"has-text-align-left\"><a href=\"https:\/\/wip.waw.pl\/index.php\/wip-endoskopia\/\" data-type=\"page\" data-id=\"22\">-&gt;<strong>WIP Endoskopia<\/strong><\/a><\/p>\n<\/div>\n<\/div>\n\n\n\n<div style=\"height:var(--wp--preset--spacing--20)\" aria-hidden=\"true\" class=\"wp-block-spacer\"><\/div>\n\n\n\n<div class=\"wp-block-columns alignwide is-layout-flex wp-container-core-columns-is-layout-d0bbbce0 wp-block-columns-is-layout-flex\">\n<div class=\"wp-block-column is-layout-flow wp-container-core-column-is-layout-e3d1c41b wp-block-column-is-layout-flow\">\n<h3 class=\"wp-block-heading has-text-align-left is-style-asterisk has-body-font-family has-medium-font-size\" style=\"font-style:normal;font-weight:600\"><strong><a href=\"#testy-diagnostyczne\">Szybkie testy diagnostyczne<\/a><\/strong><\/h3>\n\n\n\n<ul class=\"wp-block-list\">\n<li>Test Combo antygenowy<\/li>\n\n\n\n<li>COVID-19+Grypa A\/B+RSV<\/li>\n\n\n\n<li>CRP<\/li>\n\n\n\n<li>Test Strep A \u2013 wymaz<\/li>\n\n\n\n<li>CRP+Hb<\/li>\n<\/ul>\n<\/div>\n\n\n\n<div class=\"wp-block-column is-layout-flow wp-container-core-column-is-layout-e3d1c41b wp-block-column-is-layout-flow\">\n<h3 class=\"wp-block-heading has-text-align-left is-style-asterisk has-body-font-family has-medium-font-size\" style=\"font-style:normal;font-weight:600\"><strong><a href=\"#inne-badania\" data-type=\"internal\" data-id=\"#inne-badania\">Inne badania diagnostyczne<\/a><\/strong><\/h3>\n\n\n\n<ul class=\"wp-block-list\">\n<li>Spirometria<\/li>\n\n\n\n<li>EKG Spoczynkowe<\/li>\n\n\n\n<li>Videonasofiberoskopia jamy<br>nosowo-gard\u0142owej<\/li>\n<\/ul>\n<\/div>\n\n\n\n<div class=\"wp-block-column is-layout-flow wp-container-core-column-is-layout-e3d1c41b wp-block-column-is-layout-flow\">\n<p><\/p>\n<\/div>\n<\/div>\n<\/div>\n\n\n\n<div class=\"wp-block-group alignfull has-global-padding is-layout-constrained wp-container-core-group-is-layout-d89aad35 wp-block-group-is-layout-constrained\" style=\"margin-top:0;margin-bottom:0;padding-top:var(--wp--preset--spacing--50);padding-right:var(--wp--preset--spacing--50);padding-bottom:var(--wp--preset--spacing--50);padding-left:var(--wp--preset--spacing--50)\">\n<div class=\"wp-block-group alignwide has-global-padding is-layout-constrained wp-container-core-group-is-layout-19e250f3 wp-block-group-is-layout-constrained\">\n<div style=\"height:var(--wp--preset--spacing--40)\" aria-hidden=\"true\" class=\"wp-block-spacer\"><\/div>\n\n\n\n<div class=\"wp-block-columns alignwide is-layout-flex wp-container-core-columns-is-layout-d1c656ed wp-block-columns-is-layout-flex\">\n<div class=\"wp-block-column is-vertically-aligned-center is-layout-flow wp-block-column-is-layout-flow\" style=\"flex-basis:40%\">\n<h3 class=\"wp-block-heading is-style-asterisk\" id=\"badania-laboratoryjne\">Badania laboratoryjne<\/h3>\n\n\n\n<p>Oferujemy szeroki panel bada\u0144 laboratoryjnych z zakresu: hematologii, biochemii, immunologii, bakteriologii i histopatologii.<\/p>\n\n\n\n<ul style=\"line-height:1.75\" class=\"wp-block-list is-style-checkmark-list\">\n<li><strong>Bogaty zakres bada\u0144<\/strong><br>W ofercie posiadamy ponad 200 r\u00f3\u017cnych bada\u0144: od standardowych morfologii po specjalistyczne testy hormonalne, oznaczenia krzepni\u0119cia i diagnostyk\u0119 alergii.<br><\/li>\n\n\n\n<li><strong>Wygodna rejestracja i szybka obs\u0142uga<\/strong><br>Um\u00f3w si\u0119 online lub telefonicznie \u2013 odwied\u017a nas bez kolejek i d\u0142ugiego oczekiwania.<br><\/li>\n\n\n\n<li><strong>Bezpiecze\u0144stwo i komfort pacjenta<\/strong><br>Przestrzegamy najwy\u017cszych standard\u00f3w higieny i procedur \u2013 dla Twojego zdrowia i bezpiecze\u0144stwa.<br><\/li>\n<\/ul>\n\n\n\n<p><\/p>\n<\/div>\n\n\n\n<div class=\"wp-block-column is-layout-flow wp-block-column-is-layout-flow\" style=\"flex-basis:50%\">\n<figure class=\"wp-block-image size-large is-style-rounded wp-duotone-unset-2 is-style-rounded--1\"><img loading=\"lazy\" decoding=\"async\" width=\"731\" height=\"1024\" src=\"https:\/\/wip.waw.pl\/wp-content\/uploads\/2025\/08\/pexels-rethaferguson-3825578-731x1024.jpg\" alt=\"\" class=\"wp-image-228\" srcset=\"https:\/\/wip.waw.pl\/wp-content\/uploads\/2025\/08\/pexels-rethaferguson-3825578-731x1024.jpg 731w, https:\/\/wip.waw.pl\/wp-content\/uploads\/2025\/08\/pexels-rethaferguson-3825578-214x300.jpg 214w, https:\/\/wip.waw.pl\/wp-content\/uploads\/2025\/08\/pexels-rethaferguson-3825578-768x1075.jpg 768w, https:\/\/wip.waw.pl\/wp-content\/uploads\/2025\/08\/pexels-rethaferguson-3825578-1097x1536.jpg 1097w, https:\/\/wip.waw.pl\/wp-content\/uploads\/2025\/08\/pexels-rethaferguson-3825578.jpg 1100w\" sizes=\"auto, (max-width: 731px) 100vw, 731px\" \/><\/figure>\n<\/div>\n<\/div>\n\n\n\n<div style=\"height:var(--wp--preset--spacing--40)\" aria-hidden=\"true\" class=\"wp-block-spacer\"><\/div>\n\n\n\n<div class=\"wp-block-columns alignwide is-layout-flex wp-container-core-columns-is-layout-d1c656ed wp-block-columns-is-layout-flex\">\n<div class=\"wp-block-column is-layout-flow wp-block-column-is-layout-flow\" style=\"flex-basis:50%\">\n<figure class=\"wp-block-image size-full is-style-rounded wp-duotone-unset-4 is-style-rounded--3\"><img loading=\"lazy\" decoding=\"async\" width=\"800\" height=\"534\" src=\"https:\/\/wip.waw.pl\/wp-content\/uploads\/2025\/08\/pexels-cnordic-nordic-2147669838-30425665-2.jpg\" alt=\"\" class=\"wp-image-246\" srcset=\"https:\/\/wip.waw.pl\/wp-content\/uploads\/2025\/08\/pexels-cnordic-nordic-2147669838-30425665-2.jpg 800w, https:\/\/wip.waw.pl\/wp-content\/uploads\/2025\/08\/pexels-cnordic-nordic-2147669838-30425665-2-300x200.jpg 300w, https:\/\/wip.waw.pl\/wp-content\/uploads\/2025\/08\/pexels-cnordic-nordic-2147669838-30425665-2-768x513.jpg 768w\" sizes=\"auto, (max-width: 800px) 100vw, 800px\" \/><\/figure>\n<\/div>\n\n\n\n<div class=\"wp-block-column is-vertically-aligned-center is-layout-flow wp-block-column-is-layout-flow\" style=\"flex-basis:40%\">\n<h3 class=\"wp-block-heading is-style-asterisk\" id=\"wto\">Wodorowe Testy Oddechowe<\/h3>\n\n\n\n<p>Wodorowe testy oddechowe to&nbsp;<strong>nieinwazyjna i bezpieczna metoda diagnostyczna<\/strong>, wykorzystywana m.in. w rozpoznawaniu nietolerancji cukr\u00f3w i przerostu bakteryjnego jelita cienkiego (SIBO).<\/p>\n\n\n\n<p><strong>Wykonywane testy:<\/strong><\/p>\n\n\n\n<ul class=\"wp-block-list is-style-checkmark-list\">\n<li>test obci\u0105\u017cenia glukoz\u0105<\/li>\n\n\n\n<li>test tolerancji laktozy<\/li>\n\n\n\n<li>test tolerancji fruktozy<\/li>\n\n\n\n<li>test tolerancji sorbitolu<\/li>\n\n\n\n<li>test tolerancji ksylitolu<\/li>\n\n\n\n<li>laktulozowy test oddechowy (SIBO)<\/li>\n<\/ul>\n<\/div>\n<\/div>\n<\/div>\n\n\n\n<div style=\"height:var(--wp--preset--spacing--40)\" aria-hidden=\"true\" class=\"wp-block-spacer\"><\/div>\n\n\n\n<div class=\"wp-block-columns alignwide is-layout-flex wp-container-core-columns-is-layout-d1c656ed wp-block-columns-is-layout-flex\">\n<div class=\"wp-block-column is-vertically-aligned-center is-layout-flow wp-block-column-is-layout-flow\" style=\"flex-basis:40%\">\n<h3 class=\"wp-block-heading is-style-asterisk\" id=\"Badania-gastroenterologiczne\">Badania gastroenterologiczne<\/h3>\n\n\n\n<p>Badania gastroenterologiczne i zabiegi diagnostyczne przeprowadzane s\u0105 w nowoczesnej pracowni endoskopowej &#8211; <strong>WIP Endoskopia<\/strong>.<\/p>\n\n\n\n<p><strong>Wykonywane badania:<\/strong><\/p>\n\n\n\n<ul style=\"line-height:1.75\" class=\"wp-block-list is-style-checkmark-list\">\n<li>Gastroskopia<\/li>\n\n\n\n<li>Kolonoskopia<\/li>\n\n\n\n<li>Sigmoidoskopia<\/li>\n\n\n\n<li>Kapsu\u0142ka endoskopowa<\/li>\n<\/ul>\n\n\n\n<div style=\"height:46px\" aria-hidden=\"true\" class=\"wp-block-spacer\"><\/div>\n\n\n\n<div class=\"wp-block-buttons is-layout-flex wp-container-core-buttons-is-layout-9bedd9bf wp-block-buttons-is-layout-flex\">\n<div class=\"wp-block-button is-style-fill\"><a class=\"wp-block-button__link has-background wp-element-button\" href=\"https:\/\/wip.waw.pl\/index.php\/wip-endoskopia\/\" style=\"background-color:#89648e\">WIP Endoskopia<\/a><\/div>\n<\/div>\n<\/div>\n\n\n\n<div class=\"wp-block-column is-layout-flow wp-block-column-is-layout-flow\" style=\"flex-basis:50%\">\n<figure class=\"wp-block-image size-full is-style-rounded wp-duotone-unset-6 is-style-rounded--5\"><img loading=\"lazy\" decoding=\"async\" width=\"1100\" height=\"734\" src=\"https:\/\/wip.waw.pl\/wp-content\/uploads\/2025\/08\/pexels-pavel-danilyuk-8442373.jpg\" alt=\"\" class=\"wp-image-227\" style=\"aspect-ratio:3\/4;object-fit:cover\" srcset=\"https:\/\/wip.waw.pl\/wp-content\/uploads\/2025\/08\/pexels-pavel-danilyuk-8442373.jpg 1100w, https:\/\/wip.waw.pl\/wp-content\/uploads\/2025\/08\/pexels-pavel-danilyuk-8442373-300x200.jpg 300w, https:\/\/wip.waw.pl\/wp-content\/uploads\/2025\/08\/pexels-pavel-danilyuk-8442373-1024x683.jpg 1024w, https:\/\/wip.waw.pl\/wp-content\/uploads\/2025\/08\/pexels-pavel-danilyuk-8442373-768x512.jpg 768w\" sizes=\"auto, (max-width: 1100px) 100vw, 1100px\" \/><\/figure>\n<\/div>\n<\/div>\n\n\n\n<div style=\"height:var(--wp--preset--spacing--40)\" aria-hidden=\"true\" class=\"wp-block-spacer\"><\/div>\n\n\n\n<div class=\"wp-block-columns alignwide is-layout-flex wp-container-core-columns-is-layout-d1c656ed wp-block-columns-is-layout-flex\">\n<div class=\"wp-block-column is-layout-flow wp-block-column-is-layout-flow\" style=\"flex-basis:50%\">\n<figure class=\"wp-block-image size-large is-style-rounded wp-duotone-unset-8 is-style-rounded--7\"><img loading=\"lazy\" decoding=\"async\" width=\"683\" height=\"1024\" src=\"https:\/\/wip.waw.pl\/wp-content\/uploads\/2025\/08\/pexels-shvets-production-8413161-2-683x1024.jpg\" alt=\"\" class=\"wp-image-247\" srcset=\"https:\/\/wip.waw.pl\/wp-content\/uploads\/2025\/08\/pexels-shvets-production-8413161-2-683x1024.jpg 683w, https:\/\/wip.waw.pl\/wp-content\/uploads\/2025\/08\/pexels-shvets-production-8413161-2-200x300.jpg 200w, https:\/\/wip.waw.pl\/wp-content\/uploads\/2025\/08\/pexels-shvets-production-8413161-2-768x1152.jpg 768w, https:\/\/wip.waw.pl\/wp-content\/uploads\/2025\/08\/pexels-shvets-production-8413161-2.jpg 800w\" sizes=\"auto, (max-width: 683px) 100vw, 683px\" \/><\/figure>\n<\/div>\n\n\n\n<div class=\"wp-block-column is-vertically-aligned-center is-layout-flow wp-block-column-is-layout-flow\" style=\"flex-basis:40%\">\n<h3 class=\"wp-block-heading is-style-asterisk\" id=\"testy-diagnostyczne\">Szybkie testy diagnostyczne<\/h3>\n\n\n\n<p>Oferujemy szybkie testy diagnostyczne, kt\u00f3re umo\u017cliwiaj\u0105&nbsp;<strong>szybk\u0105 i trafn\u0105 ocen\u0119 stanu zdrowia pacjenta<\/strong>. Badania wykonywane s\u0105 na miejscu, a wynik dost\u0119pny jest zazwyczaj w ci\u0105gu kilku minut.<\/p>\n\n\n\n<ul class=\"wp-block-list is-style-checkmark-list\">\n<li>Test Combo antygenowy<\/li>\n\n\n\n<li>COVID-19+Grypa A\/B+RSV<\/li>\n\n\n\n<li>CRP<\/li>\n\n\n\n<li>Test Strep A \u2013 wymaz<\/li>\n\n\n\n<li>CRP+Hb<\/li>\n<\/ul>\n<\/div>\n<\/div>\n\n\n\n<div style=\"height:var(--wp--preset--spacing--40)\" aria-hidden=\"true\" class=\"wp-block-spacer\"><\/div>\n\n\n\n<div class=\"wp-block-columns alignwide is-layout-flex wp-container-core-columns-is-layout-d1c656ed wp-block-columns-is-layout-flex\">\n<div class=\"wp-block-column is-vertically-aligned-center is-layout-flow wp-block-column-is-layout-flow\" style=\"flex-basis:40%\">\n<h3 class=\"wp-block-heading is-style-asterisk\" id=\"inne-badania\">Wykonujemy r\u00f3wnie\u017c inne badania diagnostyczne, mi\u0119dzy innymi:<\/h3>\n\n\n\n<ul style=\"line-height:1.75\" class=\"wp-block-list is-style-checkmark-list\">\n<li>Spirometria<\/li>\n\n\n\n<li>EKG Spoczynkowe<\/li>\n\n\n\n<li>Videonasofiberoskopia jamy<br>nosowo-gard\u0142owej<\/li>\n<\/ul>\n<\/div>\n\n\n\n<div class=\"wp-block-column is-layout-flow wp-block-column-is-layout-flow\" style=\"flex-basis:50%\">\n<figure class=\"wp-block-image size-full is-style-rounded wp-duotone-unset-10 is-style-rounded--9\"><img loading=\"lazy\" decoding=\"async\" width=\"640\" height=\"959\" src=\"https:\/\/wip.waw.pl\/wp-content\/uploads\/2025\/08\/pexels-pavel-danilyuk-7108388-2.jpg\" alt=\"\" class=\"wp-image-249\" style=\"aspect-ratio:3\/4;object-fit:cover\" srcset=\"https:\/\/wip.waw.pl\/wp-content\/uploads\/2025\/08\/pexels-pavel-danilyuk-7108388-2.jpg 640w, https:\/\/wip.waw.pl\/wp-content\/uploads\/2025\/08\/pexels-pavel-danilyuk-7108388-2-200x300.jpg 200w\" sizes=\"auto, (max-width: 640px) 100vw, 640px\" \/><\/figure>\n<\/div>\n<\/div>\n\n\n\n<h1 class=\"wp-block-heading alignwide\"><\/h1>\n<\/div>\n\n\n\n<div class=\"wp-block-group alignfull has-global-padding is-layout-constrained wp-container-core-group-is-layout-d89aad35 wp-block-group-is-layout-constrained\" style=\"margin-top:0;margin-bottom:0;padding-top:var(--wp--preset--spacing--50);padding-right:var(--wp--preset--spacing--50);padding-bottom:var(--wp--preset--spacing--50);padding-left:var(--wp--preset--spacing--50)\">\n<div class=\"wp-block-group alignwide has-base-color has-contrast-2-background-color has-text-color has-background has-link-color wp-elements-a76bc7c13ad00d54a9b2da87927be1fa has-global-padding is-layout-constrained wp-container-core-group-is-layout-39412042 wp-block-group-is-layout-constrained\" style=\"border-radius:16px;padding-top:var(--wp--preset--spacing--40);padding-right:var(--wp--preset--spacing--50);padding-bottom:var(--wp--preset--spacing--40);padding-left:var(--wp--preset--spacing--50)\">\n<div style=\"height:var(--wp--preset--spacing--10)\" aria-hidden=\"true\" class=\"wp-block-spacer\"><\/div>\n\n\n\n<h2 class=\"wp-block-heading has-text-align-center has-base-color has-text-color has-link-color has-x-large-font-size wp-elements-894e725a7aa968d9bce496bcadfd297f\">Zadzwo\u0144 i um\u00f3w si\u0119 na badania diagnostyczne!<\/h2>\n\n\n\n<p class=\"has-text-align-center\"><\/p>\n\n\n\n<div class=\"wp-block-buttons is-content-justification-center is-layout-flex wp-container-core-buttons-is-layout-a89b3969 wp-block-buttons-is-layout-flex\">\n<div class=\"wp-block-button\"><a class=\"wp-block-button__link has-contrast-2-color has-base-background-color has-text-color has-background has-link-color wp-element-button\" href=\"https:\/\/wip.waw.pl\/index.php\/kontakt\/\">KONTAKT<\/a><\/div>\n<\/div>\n\n\n\n<div style=\"height:var(--wp--preset--spacing--10)\" aria-hidden=\"true\" class=\"wp-block-spacer\"><\/div>\n<\/div>\n<\/div>\n","protected":false},"excerpt":{"rendered":"<p>W Warsaw IBD Point wykonujemy szeroki panel bada\u0144 laboratoryjnych i obrazowych Badania laboratoryjne Oferujemy szeroki panel bada\u0144 laboratoryjnych z zakresu: hematologii, biochemii, immunologii, bakteriologii i histopatologii. Wodorowe Testy Oddechowe (WTO) Badania gastroenterologiczne Badania i zabiegi przeprowadzane s\u0105 w nowoczesnej pracowni endoskopowej -&gt;WIP Endoskopia Szybkie testy diagnostyczne Inne badania diagnostyczne Badania laboratoryjne Oferujemy szeroki panel bada\u0144 [&hellip;]<\/p>\n","protected":false},"author":1,"featured_media":0,"parent":0,"menu_order":0,"comment_status":"closed","ping_status":"closed","template":"","meta":{"footnotes":""},"class_list":["post-20","page","type-page","status-publish","hentry"],"_links":{"self":[{"href":"https:\/\/wip.waw.pl\/index.php\/wp-json\/wp\/v2\/pages\/20","targetHints":{"allow":["GET"]}}],"collection":[{"href":"https:\/\/wip.waw.pl\/index.php\/wp-json\/wp\/v2\/pages"}],"about":[{"href":"https:\/\/wip.waw.pl\/index.php\/wp-json\/wp\/v2\/types\/page"}],"author":[{"embeddable":true,"href":"https:\/\/wip.waw.pl\/index.php\/wp-json\/wp\/v2\/users\/1"}],"replies":[{"embeddable":true,"href":"https:\/\/wip.waw.pl\/index.php\/wp-json\/wp\/v2\/comments?post=20"}],"version-history":[{"count":33,"href":"https:\/\/wip.waw.pl\/index.php\/wp-json\/wp\/v2\/pages\/20\/revisions"}],"predecessor-version":[{"id":564,"href":"https:\/\/wip.waw.pl\/index.php\/wp-json\/wp\/v2\/pages\/20\/revisions\/564"}],"wp:attachment":[{"href":"https:\/\/wip.waw.pl\/index.php\/wp-json\/wp\/v2\/media?parent=20"}],"curies":[{"name":"wp","href":"https:\/\/api.w.org\/{rel}","templated":true}]}}