{"id":11,"date":"2025-07-23T12:25:57","date_gmt":"2025-07-23T10:25:57","guid":{"rendered":"https:\/\/wip.waw.pl\/?page_id=11"},"modified":"2026-04-21T15:46:53","modified_gmt":"2026-04-21T13:46:53","slug":"strona-glowna","status":"publish","type":"page","link":"https:\/\/wip.waw.pl\/","title":{"rendered":"Warsaw IBD Point"},"content":{"rendered":"\n<div class=\"wp-block-group alignfull has-global-padding is-layout-constrained wp-container-core-group-is-layout-566af0e2 wp-block-group-is-layout-constrained\" style=\"padding-top:var(--wp--preset--spacing--40);padding-right:var(--wp--preset--spacing--50);padding-bottom:var(--wp--preset--spacing--40);padding-left:var(--wp--preset--spacing--50)\">\n<div class=\"wp-block-group has-global-padding is-layout-constrained wp-container-core-group-is-layout-650790e1 wp-block-group-is-layout-constrained\">\n<h1 class=\"wp-block-heading alignfull has-text-align-center is-style-default has-x-large-font-size\" style=\"margin-top:0;margin-bottom:0;font-style:normal;font-weight:400;writing-mode:horizontal-tb\">WIP Warsaw IBD Point to przychodnia za\u0142o\u017cona z my\u015bl\u0105 o kompleksowej diagnostyce i opiece medycznej.<\/h1>\n<\/div>\n<\/div>\n\n\n\n<div class=\"wp-block-cover alignfull is-light\" style=\"padding-top:var(--wp--preset--spacing--50);padding-right:var(--wp--preset--spacing--50);padding-bottom:var(--wp--preset--spacing--50);padding-left:var(--wp--preset--spacing--50);min-height:100vh;aspect-ratio:unset;\"><img loading=\"lazy\" decoding=\"async\" width=\"1920\" height=\"1080\" class=\"wp-block-cover__image-background wp-image-581 size-full\" alt=\"\" src=\"https:\/\/wip.waw.pl\/wp-content\/uploads\/2025\/10\/wip-1.jpg\" data-object-fit=\"cover\" srcset=\"https:\/\/wip.waw.pl\/wp-content\/uploads\/2025\/10\/wip-1.jpg 1920w, https:\/\/wip.waw.pl\/wp-content\/uploads\/2025\/10\/wip-1-300x169.jpg 300w, https:\/\/wip.waw.pl\/wp-content\/uploads\/2025\/10\/wip-1-1024x576.jpg 1024w, https:\/\/wip.waw.pl\/wp-content\/uploads\/2025\/10\/wip-1-768x432.jpg 768w, https:\/\/wip.waw.pl\/wp-content\/uploads\/2025\/10\/wip-1-1536x864.jpg 1536w\" sizes=\"auto, (max-width: 1920px) 100vw, 1920px\" \/><span aria-hidden=\"true\" class=\"wp-block-cover__background has-base-background-color has-background-dim-0 has-background-dim\"><\/span><div class=\"wp-block-cover__inner-container has-global-padding is-layout-constrained wp-container-core-cover-is-layout-e4fd886c wp-block-cover-is-layout-constrained\">\n<p><\/p>\n<\/div><\/div>\n\n\n\n<div class=\"wp-block-group alignfull has-background has-global-padding is-layout-constrained wp-container-core-group-is-layout-796362d6 wp-block-group-is-layout-constrained\" style=\"background-color:#f2ecdd;margin-top:0;margin-bottom:0;padding-top:var(--wp--preset--spacing--40);padding-right:var(--wp--preset--spacing--50);padding-bottom:var(--wp--preset--spacing--40);padding-left:var(--wp--preset--spacing--50)\">\n<div class=\"wp-block-columns alignwide is-layout-flex wp-container-core-columns-is-layout-d0bbbce0 wp-block-columns-is-layout-flex\">\n<div class=\"wp-block-column is-layout-flow wp-container-core-column-is-layout-e3d1c41b wp-block-column-is-layout-flow\">\n<h3 class=\"wp-block-heading has-text-align-left is-style-asterisk has-body-font-family has-medium-font-size\" style=\"font-style:normal;font-weight:600\"><a href=\"https:\/\/wip.waw.pl\/index.php\/diagnostyka\/\" data-type=\"page\" data-id=\"20\">Nowoczesna diagnostyka<\/a><\/h3>\n\n\n\n<p class=\"has-text-align-left\">Szeroki panel bada\u0144 laboratoryjnych oraz diagnostyka obrazowa<\/p>\n\n\n\n<div style=\"height:20px\" aria-hidden=\"true\" class=\"wp-block-spacer\"><\/div>\n\n\n\n<p class=\"has-text-align-left\"><\/p>\n<\/div>\n\n\n\n<div class=\"wp-block-column is-layout-flow wp-container-core-column-is-layout-e3d1c41b wp-block-column-is-layout-flow\">\n<h3 class=\"wp-block-heading has-text-align-left is-style-asterisk has-body-font-family has-medium-font-size\" style=\"font-style:normal;font-weight:600\"><a href=\"https:\/\/wip.waw.pl\/index.php\/specjalisci\/\" data-type=\"page\" data-id=\"18\">Konsultacje specjalistyczne<\/a><\/h3>\n\n\n\n<p class=\"has-text-align-left\">Nasi lekarze to specjali\u015bci z wieloletnim sta\u017cem klinicznym, uczestnicz\u0105cy w mi\u0119dzynarodowych szkoleniach i konferencjach medycznych<\/p>\n\n\n\n<div style=\"height:20px\" aria-hidden=\"true\" class=\"wp-block-spacer\"><\/div>\n\n\n\n<p class=\"has-text-align-left\"><\/p>\n<\/div>\n\n\n\n<div class=\"wp-block-column is-layout-flow wp-container-core-column-is-layout-e3d1c41b wp-block-column-is-layout-flow\">\n<h3 class=\"wp-block-heading has-text-align-left is-style-asterisk has-body-font-family has-medium-font-size\" style=\"font-style:normal;font-weight:600\"><a href=\"https:\/\/wip.waw.pl\/index.php\/badania-kliniczne\/\" data-type=\"page\" data-id=\"24\">Badania kliniczne<\/a><\/h3>\n\n\n\n<p class=\"has-text-align-left\">Dost\u0119p do innowacyjnych terapii, bezp\u0142atnego leczenia i kompeksowej opieki medycznej<\/p>\n<\/div>\n<\/div>\n\n\n\n<div style=\"height:20px\" aria-hidden=\"true\" class=\"wp-block-spacer\"><\/div>\n\n\n\n<div class=\"wp-block-columns alignwide is-layout-flex wp-container-core-columns-is-layout-d0bbbce0 wp-block-columns-is-layout-flex\">\n<div class=\"wp-block-column is-layout-flow wp-container-core-column-is-layout-e3d1c41b wp-block-column-is-layout-flow\">\n<h3 class=\"wp-block-heading has-text-align-left is-style-asterisk has-body-font-family has-medium-font-size\" style=\"font-style:normal;font-weight:600\">Specjalistyczna diagnostyka i leczenie chor\u00f3b zapalnych jelit (IBD)<\/h3>\n\n\n\n<p class=\"has-text-align-left\">Kompleksowa opieka nad pacjentami z chorob\u0105 Crohna i wrzodziej\u0105cym zapaleniem jelita grubego u dzieci i doros\u0142ych<\/p>\n\n\n\n<div style=\"height:20px\" aria-hidden=\"true\" class=\"wp-block-spacer\"><\/div>\n\n\n\n<p class=\"has-text-align-left\"><\/p>\n<\/div>\n\n\n\n<div class=\"wp-block-column is-layout-flow wp-container-core-column-is-layout-e3d1c41b wp-block-column-is-layout-flow\">\n<h3 class=\"wp-block-heading has-text-align-left is-style-asterisk has-body-font-family has-medium-font-size\" style=\"font-style:normal;font-weight:600\">Wsparcie dietetyczne dostosowane do stanu klinicznego<\/h3>\n\n\n\n<p class=\"has-text-align-left\">Specjalistyczne terapie \u017cywieniowe i opieka dietetyk\u00f3w<\/p>\n\n\n\n<div style=\"height:20px\" aria-hidden=\"true\" class=\"wp-block-spacer\"><\/div>\n\n\n\n<p class=\"has-text-align-left\"><\/p>\n<\/div>\n\n\n\n<div class=\"wp-block-column is-layout-flow wp-container-core-column-is-layout-e3d1c41b wp-block-column-is-layout-flow\">\n<h3 class=\"wp-block-heading has-text-align-left is-style-asterisk has-body-font-family has-medium-font-size\" style=\"font-style:normal;font-weight:600\"><a href=\"https:\/\/wip.waw.pl\/index.php\/kontakt\/\" data-type=\"page\" data-id=\"26\">Dogodna lokalizacja w Warszawie i szybka rejestracja<\/a><\/h3>\n\n\n\n<p class=\"has-text-align-left\">Elastyczne terminy wizyt w nowoczesnym o\u015brodku przy ulicy P\u0142owieckiej 103<\/p>\n\n\n\n<div style=\"height:20px\" aria-hidden=\"true\" class=\"wp-block-spacer\"><\/div>\n\n\n\n<p class=\"has-text-align-left\"><\/p>\n<\/div>\n<\/div>\n<\/div>\n\n\n\n<div class=\"wp-block-group alignfull has-accent-background-color has-background has-global-padding is-layout-constrained wp-container-core-group-is-layout-8548d56f wp-block-group-is-layout-constrained\" style=\"margin-top:var(--wp--preset--spacing--10);margin-bottom:var(--wp--preset--spacing--10);padding-top:var(--wp--preset--spacing--10);padding-right:var(--wp--preset--spacing--10);padding-bottom:var(--wp--preset--spacing--10);padding-left:var(--wp--preset--spacing--10)\">\n<div class=\"wp-block-group alignfull has-accent-background-color has-background has-global-padding is-layout-constrained wp-container-core-group-is-layout-2a1526ca wp-block-group-is-layout-constrained\" style=\"margin-top:0;margin-bottom:0;padding-top:var(--wp--preset--spacing--10);padding-right:var(--wp--preset--spacing--10);padding-bottom:var(--wp--preset--spacing--10);padding-left:var(--wp--preset--spacing--10)\">\n<div class=\"wp-block-columns alignwide is-layout-flex wp-container-core-columns-is-layout-c30d6b16 wp-block-columns-is-layout-flex\" style=\"margin-top:var(--wp--preset--spacing--40);margin-bottom:var(--wp--preset--spacing--40);padding-top:var(--wp--preset--spacing--40);padding-right:var(--wp--preset--spacing--40);padding-bottom:var(--wp--preset--spacing--40);padding-left:var(--wp--preset--spacing--40)\">\n<div class=\"wp-block-column is-vertically-aligned-stretch is-layout-flow wp-block-column-is-layout-flow\" style=\"flex-basis:50%\">\n<div class=\"wp-block-group is-vertical is-content-justification-stretch is-layout-flex wp-container-core-group-is-layout-444d5ee8 wp-block-group-is-layout-flex\" style=\"min-height:100%\">\n<p class=\"has-heading-font-family has-x-large-font-size\" style=\"line-height:1.2\">Specjalizujemy si\u0119 w chorobach przewodu pokarmowego ze szczeg\u00f3lnym uwzgl\u0119dnieniem diagnostyki i leczenia nieswoistych chor\u00f3b zapalnych jelit: choroby Crohna i wrzodziej\u0105cego zapalenia jelita grubego (Inflammatory Bowel Diseases \u2013 IBD).&nbsp;<\/p>\n\n\n\n<div class=\"wp-block-group has-global-padding is-content-justification-left is-layout-constrained wp-container-core-group-is-layout-9fe8ed88 wp-block-group-is-layout-constrained\">\n<p class=\"wp-container-content-0733e5d0\"><\/p>\n\n\n\n<div class=\"wp-block-buttons is-layout-flex wp-block-buttons-is-layout-flex\">\n<div class=\"wp-block-button\"><a class=\"wp-block-button__link wp-element-button\" href=\"https:\/\/wip.waw.pl\/index.php\/47-2\/\">O NAS<\/a><\/div>\n<\/div>\n<\/div>\n<\/div>\n<\/div>\n\n\n\n<div class=\"wp-block-column is-vertically-aligned-center is-layout-flow wp-block-column-is-layout-flow\" style=\"flex-basis:50%\">\n<figure class=\"wp-block-image size-full is-style-rounded wp-duotone-unset-2 is-style-rounded--1\"><img loading=\"lazy\" decoding=\"async\" width=\"765\" height=\"1020\" src=\"https:\/\/wip.waw.pl\/wp-content\/uploads\/2025\/08\/2025-07-09.jpg\" alt=\"\" class=\"wp-image-340\" style=\"aspect-ratio:3\/4;object-fit:cover\" srcset=\"https:\/\/wip.waw.pl\/wp-content\/uploads\/2025\/08\/2025-07-09.jpg 765w, https:\/\/wip.waw.pl\/wp-content\/uploads\/2025\/08\/2025-07-09-225x300.jpg 225w\" sizes=\"auto, (max-width: 765px) 100vw, 765px\" \/><\/figure>\n<\/div>\n<\/div>\n<\/div>\n<\/div>\n\n\n\n<div class=\"wp-block-group alignfull has-base-background-color has-background has-global-padding is-layout-constrained wp-container-core-group-is-layout-45f0a7f1 wp-block-group-is-layout-constrained\" style=\"margin-top:var(--wp--preset--spacing--10);margin-bottom:var(--wp--preset--spacing--10);padding-top:var(--wp--preset--spacing--10);padding-right:var(--wp--preset--spacing--10);padding-bottom:var(--wp--preset--spacing--10);padding-left:var(--wp--preset--spacing--10)\">\n<div class=\"wp-block-columns alignwide has-background is-layout-flex wp-container-core-columns-is-layout-897c3c7c wp-block-columns-is-layout-flex\" style=\"background-color:#f2ecdc7a;margin-top:var(--wp--preset--spacing--10);margin-bottom:var(--wp--preset--spacing--10);padding-top:var(--wp--preset--spacing--40);padding-right:var(--wp--preset--spacing--40);padding-bottom:var(--wp--preset--spacing--40);padding-left:var(--wp--preset--spacing--40)\">\n<div class=\"wp-block-column has-global-padding is-content-justification-left is-layout-constrained wp-container-core-column-is-layout-4f15e8fe wp-block-column-is-layout-constrained\" style=\"flex-basis:40%\">\n<h3 class=\"wp-block-heading has-large-font-size\">ZESP\u00d3\u0141 WARSAW IBD POINT<\/h3>\n<\/div>\n\n\n\n<div class=\"wp-block-column is-layout-flow wp-container-core-column-is-layout-c8e981e6 wp-block-column-is-layout-flow\" style=\"padding-top:0;padding-right:0;padding-bottom:0;padding-left:0;flex-basis:60%\">\n<p class=\"has-heading-font-family has-x-large-font-size\" style=\"line-height:1.2\">Regularnie uczestniczymy w mi\u0119dzynarodowych konferencjach i szkoleniach, aby zapewnia\u0107 pacjentom dost\u0119p do najnowszych metod diagnostyki i leczenia.<\/p>\n\n\n\n<div class=\"wp-block-columns is-layout-flex wp-container-core-columns-is-layout-87beb0d0 wp-block-columns-is-layout-flex\">\n<div class=\"wp-block-column is-layout-flow wp-block-column-is-layout-flow\">\n<p class=\"wp-container-content-9cfa9a5a\"><strong>Specjali\u015bci dla dzieci:<\/strong><\/p>\n\n\n\n<div class=\"wp-block-group has-medium-font-size has-global-padding is-layout-constrained wp-block-group-is-layout-constrained\">\n<div class=\"wp-block-group has-global-padding is-layout-constrained wp-block-group-is-layout-constrained\">\n<div class=\"wp-block-group has-global-padding is-layout-constrained wp-block-group-is-layout-constrained\">\n<ul class=\"wp-block-list\">\n<li>GASTROENTROLOGIA<\/li>\n\n\n\n<li>PEDIATRIA<\/li>\n\n\n\n<li>REUMATOLOGIA<\/li>\n\n\n\n<li>ENDOKRYNOLOGIA<\/li>\n\n\n\n<li>IMMUNOLOGIA<\/li>\n\n\n\n<li>PSYCHIATRIA<\/li>\n<\/ul>\n<\/div>\n<\/div>\n\n\n\n<p class=\"wp-container-content-9cfa9a5a\"><\/p>\n\n\n\n<div style=\"height:31px\" aria-hidden=\"true\" class=\"wp-block-spacer\"><\/div>\n\n\n\n<p class=\"wp-container-content-9cfa9a5a\"><\/p>\n<\/div>\n<\/div>\n\n\n\n<div class=\"wp-block-column is-layout-flow wp-block-column-is-layout-flow\">\n<p><strong>Specjali\u015bci dla doros\u0142ych:<\/strong><\/p>\n\n\n\n<div class=\"wp-block-group has-global-padding is-layout-constrained wp-block-group-is-layout-constrained\">\n<ul class=\"wp-block-list\">\n<li>GASTROENTEROLOGIA<\/li>\n\n\n\n<li>KARDIOLOGIA<\/li>\n\n\n\n<li>PUMONOLOGIA<\/li>\n\n\n\n<li>NEUROLOGIA<\/li>\n\n\n\n<li>LARYNGOLOGIA<\/li>\n\n\n\n<li>REUMATOLOGIA<\/li>\n\n\n\n<li>INTERNA<\/li>\n<\/ul>\n<\/div>\n<\/div>\n<\/div>\n\n\n\n<div class=\"wp-block-buttons is-content-justification-left is-layout-flex wp-container-core-buttons-is-layout-fc4fd283 wp-block-buttons-is-layout-flex\">\n<div class=\"wp-block-button\"><a class=\"wp-block-button__link wp-element-button\" href=\"https:\/\/wip.waw.pl\/index.php\/specjalisci\/\">POZNAJ NASZ ZESP\u00d3\u0141<\/a><\/div>\n<\/div>\n<\/div>\n<\/div>\n\n\n\n<div class=\"wp-block-group alignfull has-accent-2-background-color has-background has-global-padding is-layout-constrained wp-container-core-group-is-layout-2a383c37 wp-block-group-is-layout-constrained\" style=\"margin-top:var(--wp--preset--spacing--10);margin-bottom:var(--wp--preset--spacing--10);padding-top:var(--wp--preset--spacing--10);padding-right:var(--wp--preset--spacing--10);padding-bottom:var(--wp--preset--spacing--10);padding-left:var(--wp--preset--spacing--10)\">\n<div class=\"wp-block-columns alignwide is-layout-flex wp-container-core-columns-is-layout-f87ce8ae wp-block-columns-is-layout-flex\" style=\"margin-top:var(--wp--preset--spacing--40);margin-bottom:var(--wp--preset--spacing--40);padding-top:var(--wp--preset--spacing--10);padding-right:var(--wp--preset--spacing--10);padding-bottom:var(--wp--preset--spacing--10);padding-left:var(--wp--preset--spacing--10)\">\n<div class=\"wp-block-column is-layout-flow wp-block-column-is-layout-flow\" style=\"flex-basis:40%\">\n<h3 class=\"wp-block-heading has-large-font-size\">DIAGNOSTYKA W WIP<\/h3>\n<\/div>\n\n\n\n<div class=\"wp-block-column is-layout-flow wp-block-column-is-layout-flow\" style=\"flex-basis:60%\">\n<p class=\"has-heading-font-family has-x-large-font-size\" style=\"line-height:1.2\">W Warsaw IBD Point wykonujemy szeroki panel bada\u0144 laboratoryjnych <br>i obrazowych. <\/p>\n\n\n\n<p>Oferujemy:<\/p>\n\n\n\n<ul class=\"wp-block-list is-style-checkmark-list\">\n<li>szeroki panel bada\u0144 laboratoryjnych z zakresu: hematologii, biochemii, immunologii, bakteriologii i histopatologii, <\/li>\n\n\n\n<li>Wodorowe Testy Oddechowe (WTO), <\/li>\n\n\n\n<li>badania i zabiegi przeprowadzane w nowoczesnej pracowni endoskopowej, <\/li>\n\n\n\n<li>szybkie testy diagnostyczne i wiele innych&#8230;<\/li>\n<\/ul>\n\n\n\n<div style=\"height:30px\" aria-hidden=\"true\" class=\"wp-block-spacer\"><\/div>\n\n\n\n<div class=\"wp-block-buttons is-layout-flex wp-block-buttons-is-layout-flex\">\n<div class=\"wp-block-button\"><a class=\"wp-block-button__link wp-element-button\" href=\"https:\/\/wip.waw.pl\/index.php\/diagnostyka\/\">DOWIEDZ SI\u0118 WI\u0118CEJ<\/a><\/div>\n<\/div>\n<\/div>\n<\/div>\n\n\n\n<div style=\"height:64px\" aria-hidden=\"true\" class=\"wp-block-spacer\"><\/div>\n\n\n\n<div class=\"wp-block-group alignfull has-global-padding is-layout-constrained wp-container-core-group-is-layout-45f0a7f1 wp-block-group-is-layout-constrained\" style=\"margin-top:var(--wp--preset--spacing--10);margin-bottom:var(--wp--preset--spacing--10);padding-top:var(--wp--preset--spacing--10);padding-right:var(--wp--preset--spacing--10);padding-bottom:var(--wp--preset--spacing--10);padding-left:var(--wp--preset--spacing--10)\">\n<div class=\"wp-block-columns alignwide has-text-color has-background has-link-color wp-elements-b58d7a9604191d88a1b99438edd23b0d is-layout-flex wp-container-core-columns-is-layout-897c3c7c wp-block-columns-is-layout-flex\" style=\"color:#8e5e8e;background-color:#d3c8d5f7;margin-top:var(--wp--preset--spacing--10);margin-bottom:var(--wp--preset--spacing--10);padding-top:var(--wp--preset--spacing--40);padding-right:var(--wp--preset--spacing--40);padding-bottom:var(--wp--preset--spacing--40);padding-left:var(--wp--preset--spacing--40)\">\n<div class=\"wp-block-column has-global-padding is-content-justification-left is-layout-constrained wp-container-core-column-is-layout-4f15e8fe wp-block-column-is-layout-constrained\" style=\"flex-basis:40%\">\n<h3 class=\"wp-block-heading has-text-color has-link-color has-large-font-size wp-elements-b26b206fcfdbec9b30aaa9091696f3da\" style=\"color:#8e5e8e\">WIP ENDOSKOPIA<\/h3>\n<\/div>\n\n\n\n<div class=\"wp-block-column is-layout-flow wp-container-core-column-is-layout-119bc444 wp-block-column-is-layout-flow\" style=\"flex-basis:60%\">\n<p class=\"has-heading-font-family has-x-large-font-size\" style=\"line-height:1.2\">WIP Endoskopia to nowoczesna pracownia endoskopowa oferuj\u0105ca badania i zabiegi gastroenterologiczne.<\/p>\n\n\n\n<p>Profesjonalny zesp\u00f3\u0142 pod opiek\u0105 doktor Violetty Wojno oferuje szeroki zakres wykonywanych bada\u0144, mo\u017cliwo\u015b\u0107 wykonywania bada\u0144 i zabieg\u00f3w przy znieczuleniu og\u00f3lnym, najwy\u017cszej klasy sprz\u0119t medyczny oraz kompleksow\u0105 opiek\u0119 przed i po zabiegu.<\/p>\n\n\n\n<p>W naszej pracowni WIP Endoskopia wykonujemy badania u dzieci&nbsp;i doros\u0142ych.<\/p>\n\n\n\n<ul class=\"wp-block-list\">\n<li>Gastroskopia<\/li>\n\n\n\n<li>Kolonoskopia<\/li>\n\n\n\n<li>Sigmoidoskopia<\/li>\n\n\n\n<li>Kapsu\u0142ka endoskopowa<br><br><br>* Oferujemy r\u00f3wnie\u017c&nbsp;znieczulenie og\u00f3lne&nbsp;\u2013 kr\u00f3tkotrwa\u0142\u0105 narkoz\u0119 bez intubacji.<\/li>\n<\/ul>\n\n\n\n<div style=\"height:31px\" aria-hidden=\"true\" class=\"wp-block-spacer\"><\/div>\n\n\n\n<div class=\"wp-block-buttons is-layout-flex wp-block-buttons-is-layout-flex\">\n<div class=\"wp-block-button\"><a class=\"wp-block-button__link has-background wp-element-button\" href=\"https:\/\/wip.waw.pl\/index.php\/wip-endoskopia\/\" style=\"background-color:#89648e\">CZYTAJ DALEJ<\/a><\/div>\n<\/div>\n\n\n\n<p class=\"has-heading-font-family has-x-large-font-size\" style=\"line-height:1.2\"><\/p>\n<\/div>\n<\/div>\n<\/div>\n\n\n\n<div class=\"wp-block-group alignfull has-base-background-color has-background has-global-padding is-layout-constrained wp-container-core-group-is-layout-45f0a7f1 wp-block-group-is-layout-constrained\" style=\"margin-top:var(--wp--preset--spacing--10);margin-bottom:var(--wp--preset--spacing--10);padding-top:var(--wp--preset--spacing--10);padding-right:var(--wp--preset--spacing--10);padding-bottom:var(--wp--preset--spacing--10);padding-left:var(--wp--preset--spacing--10)\">\n<div class=\"wp-block-columns alignwide is-layout-flex wp-container-core-columns-is-layout-eb6efa57 wp-block-columns-is-layout-flex\" style=\"margin-top:var(--wp--preset--spacing--10);margin-bottom:var(--wp--preset--spacing--10);padding-top:var(--wp--preset--spacing--10);padding-right:var(--wp--preset--spacing--10);padding-bottom:var(--wp--preset--spacing--10);padding-left:var(--wp--preset--spacing--10)\">\n<div class=\"wp-block-column has-global-padding is-content-justification-left is-layout-constrained wp-container-core-column-is-layout-4f15e8fe wp-block-column-is-layout-constrained\" style=\"flex-basis:40%\">\n<h3 class=\"wp-block-heading has-large-font-size\">BADANIA KLINICZNE<\/h3>\n<\/div>\n\n\n\n<div class=\"wp-block-column is-layout-flow wp-container-core-column-is-layout-119bc444 wp-block-column-is-layout-flow\" style=\"flex-basis:60%\">\n<p class=\"has-heading-font-family has-x-large-font-size\" style=\"line-height:1.2\">Zesp\u00f3\u0142 Warsaw IBD Point posiada wieloletnie do\u015bwiadczenie w prowadzeniu bada\u0144 klinicznych.<\/p>\n\n\n\n<p>Oferujemy innowacyjne metody leczenia z zakresu  nieswoistych chor\u00f3b zapalnych jelit oraz w wielu innych dziedzinach medycyny w tym: kardiologii, pulmonologii, neurologii, reumatologii, dermatologii, pediatrii i innych.<\/p>\n\n\n\n<div class=\"wp-block-buttons is-layout-flex wp-block-buttons-is-layout-flex\">\n<div class=\"wp-block-button\"><a class=\"wp-block-button__link wp-element-button\" href=\"https:\/\/wip.waw.pl\/index.php\/badania-kliniczne\/\">DOWIEDZ SI\u0118 WI\u0118CEJ<\/a><\/div>\n<\/div>\n<\/div>\n<\/div>\n<\/div>\n<\/div>\n<\/div>\n\n\n\n<div class=\"wp-block-group alignfull has-global-padding is-layout-constrained wp-container-core-group-is-layout-45f0a7f1 wp-block-group-is-layout-constrained\" style=\"margin-top:var(--wp--preset--spacing--10);margin-bottom:var(--wp--preset--spacing--10);padding-top:var(--wp--preset--spacing--10);padding-right:var(--wp--preset--spacing--10);padding-bottom:var(--wp--preset--spacing--10);padding-left:var(--wp--preset--spacing--10)\">\n<div class=\"wp-block-group alignwide has-contrast-2-background-color has-background has-global-padding is-layout-constrained wp-container-core-group-is-layout-39412042 wp-block-group-is-layout-constrained\" style=\"border-radius:16px;padding-top:var(--wp--preset--spacing--40);padding-right:var(--wp--preset--spacing--50);padding-bottom:var(--wp--preset--spacing--40);padding-left:var(--wp--preset--spacing--50)\">\n<div style=\"height:var(--wp--preset--spacing--10)\" aria-hidden=\"true\" class=\"wp-block-spacer\"><\/div>\n\n\n\n<h2 class=\"wp-block-heading has-text-align-center has-base-color has-text-color has-link-color has-x-large-font-size wp-elements-9fc9c977eac5c1ff11b8ec3fe9d2b962\">Zadzwo\u0144 ju\u017c dzi\u015b i zadbaj o swoje zdrowie!<\/h2>\n\n\n\n<div style=\"height:29px\" aria-hidden=\"true\" class=\"wp-block-spacer\"><\/div>\n\n\n\n<div class=\"wp-block-buttons is-content-justification-center is-layout-flex wp-container-core-buttons-is-layout-a89b3969 wp-block-buttons-is-layout-flex\">\n<div class=\"wp-block-button\"><a class=\"wp-block-button__link has-contrast-color has-base-background-color has-text-color has-background has-link-color wp-element-button\">ZAPISZ SI\u0118 NA KONSULTACJ\u0118<\/a><\/div>\n<\/div>\n\n\n\n<div style=\"height:11px\" aria-hidden=\"true\" class=\"wp-block-spacer\"><\/div>\n<\/div>\n<\/div>\n\n\n\n<p><\/p>\n","protected":false},"excerpt":{"rendered":"<p>WIP Warsaw IBD Point to przychodnia za\u0142o\u017cona z my\u015bl\u0105 o kompleksowej diagnostyce i opiece medycznej. Nowoczesna diagnostyka Szeroki panel bada\u0144 laboratoryjnych oraz diagnostyka obrazowa Konsultacje specjalistyczne Nasi lekarze to specjali\u015bci z wieloletnim sta\u017cem klinicznym, uczestnicz\u0105cy w mi\u0119dzynarodowych szkoleniach i konferencjach medycznych Badania kliniczne Dost\u0119p do innowacyjnych terapii, bezp\u0142atnego leczenia i kompeksowej opieki medycznej Specjalistyczna diagnostyka [&hellip;]<\/p>\n","protected":false},"author":1,"featured_media":0,"parent":0,"menu_order":0,"comment_status":"closed","ping_status":"closed","template":"","meta":{"footnotes":""},"class_list":["post-11","page","type-page","status-publish","hentry"],"_links":{"self":[{"href":"https:\/\/wip.waw.pl\/index.php\/wp-json\/wp\/v2\/pages\/11","targetHints":{"allow":["GET"]}}],"collection":[{"href":"https:\/\/wip.waw.pl\/index.php\/wp-json\/wp\/v2\/pages"}],"about":[{"href":"https:\/\/wip.waw.pl\/index.php\/wp-json\/wp\/v2\/types\/page"}],"author":[{"embeddable":true,"href":"https:\/\/wip.waw.pl\/index.php\/wp-json\/wp\/v2\/users\/1"}],"replies":[{"embeddable":true,"href":"https:\/\/wip.waw.pl\/index.php\/wp-json\/wp\/v2\/comments?post=11"}],"version-history":[{"count":69,"href":"https:\/\/wip.waw.pl\/index.php\/wp-json\/wp\/v2\/pages\/11\/revisions"}],"predecessor-version":[{"id":587,"href":"https:\/\/wip.waw.pl\/index.php\/wp-json\/wp\/v2\/pages\/11\/revisions\/587"}],"wp:attachment":[{"href":"https:\/\/wip.waw.pl\/index.php\/wp-json\/wp\/v2\/media?parent=11"}],"curies":[{"name":"wp","href":"https:\/\/api.w.org\/{rel}","templated":true}]}}